{"id":1091,"date":"2017-10-31T16:42:18","date_gmt":"2017-10-31T15:42:18","guid":{"rendered":"https:\/\/stuttgart-hypnobirthing.de\/blog\/?page_id=1091"},"modified":"2021-01-22T18:09:12","modified_gmt":"2021-01-22T17:09:12","slug":"uebersicht-aller-posts-pro-kategorie","status":"publish","type":"page","link":"https:\/\/smartegeburt.de\/blog\/uebersicht-aller-posts-pro-kategorie\/","title":{"rendered":"\u00dcbersicht aller Posts pro Kategorie"},"content":{"rendered":"Hier findest Du alle Posts, pro Kategorie gelistet. Wenn ein Artikel mehr als einer Kategorie angeh\u00f6rt, wird er in jeder Kategorie gelistet.\n\nM\u00f6chtest Du meinen Newsletter erhalten und automatisch \u00fcber neue Blogartikel informiert werden? Ganz einfach ganz unten Email hinterlassen!\u00a0\n\nHier kommst Du zu meinem Willkommens-Post, der auch erkl\u00e4rt, wie ihr meinen Blog bestm\u00f6glich nutzen k\u00f6nnt:\n\n \tWillkommen in meinem Blog\n\nEvidenz-basiertes Wissen (also Wissen \u00fcber wissenschaftliche Studien gewonnen)\n\nRund <a href=\"https:\/\/smartegeburt.de\/blog\/uebersicht-aller-posts-pro-kategorie\/\" class=\"more-link\">Weiterlesen [...]<\/a>","protected":false},"excerpt":{"rendered":"<p>Hier findest Du alle Posts, pro Kategorie gelistet. Wenn ein Artikel mehr als einer Kategorie angeh\u00f6rt, wird er in jeder Kategorie gelistet. M\u00f6chtest Du meinen Newsletter erhalten und automatisch \u00fcber neue Blogartikel informiert werden? Ganz einfach ganz unten Email hinterlassen!\u00a0 Hier kommst Du zu meinem Willkommens-Post, der auch erkl\u00e4rt, wie ihr meinen Blog bestm\u00f6glich nutzen k\u00f6nnt: Willkommen in meinem Blog Evidenz-basiertes Wissen (also Wissen \u00fcber wissenschaftliche Studien gewonnen) Rund Weiterlesen [&#8230;]<\/p>\n","protected":false},"author":1,"featured_media":0,"parent":0,"menu_order":0,"comment_status":"closed","ping_status":"closed","template":"","meta":{"kia_subtitle":"","footnotes":""},"class_list":["post-1091","page","type-page","status-publish","hentry"],"aioseo_notices":[],"_links":{"self":[{"href":"https:\/\/smartegeburt.de\/blog\/wp-json\/wp\/v2\/pages\/1091","targetHints":{"allow":["GET"]}}],"collection":[{"href":"https:\/\/smartegeburt.de\/blog\/wp-json\/wp\/v2\/pages"}],"about":[{"href":"https:\/\/smartegeburt.de\/blog\/wp-json\/wp\/v2\/types\/page"}],"author":[{"embeddable":true,"href":"https:\/\/smartegeburt.de\/blog\/wp-json\/wp\/v2\/users\/1"}],"replies":[{"embeddable":true,"href":"https:\/\/smartegeburt.de\/blog\/wp-json\/wp\/v2\/comments?post=1091"}],"version-history":[{"count":0,"href":"https:\/\/smartegeburt.de\/blog\/wp-json\/wp\/v2\/pages\/1091\/revisions"}],"wp:attachment":[{"href":"https:\/\/smartegeburt.de\/blog\/wp-json\/wp\/v2\/media?parent=1091"}],"curies":[{"name":"wp","href":"https:\/\/api.w.org\/{rel}","templated":true}]}}